{"id":496,"date":"2025-01-21T09:13:09","date_gmt":"2025-01-21T02:13:09","guid":{"rendered":"https:\/\/matamko.com\/?page_id=496"},"modified":"2025-01-29T22:01:48","modified_gmt":"2025-01-29T15:01:48","slug":"market-readiness-consultation","status":"publish","type":"page","link":"https:\/\/matamko.com\/vi\/market-readiness-consultation\/","title":{"rendered":"S\u1ef1 S\u1eb5n S\u00e0ng \u0110\u1ed1i V\u1edbi Th\u1ecb Tr\u01b0\u1eddng"},"content":{"rendered":"<div id=\"fws_69e4cdb8a98f7\"  data-column-margin=\"default\" data-midnight=\"light\" data-top-percent=\"10%\" data-bottom-percent=\"10%\"  class=\"wpb_row vc_row-fluid vc_row full-width-section vc_row-o-equal-height vc_row-flex vc_row-o-content-top parallax_section\"  style=\"padding-top: calc(100vw * 0.10); padding-bottom: calc(100vw * 0.10); \"><div class=\"row-bg-wrap\" data-bg-animation=\"none\" data-bg-animation-delay=\"\" data-bg-overlay=\"true\"><div class=\"inner-wrap row-bg-layer using-image\" ><div class=\"row-bg viewport-desktop using-image using-bg-color\" data-parallax-speed=\"fast\" style=\"background-image: url(https:\/\/themenectar.com\/img\/demo-media\/unsplash\/webp\/large-adventure.webp); background-position: center center; background-repeat: no-repeat; background-color: #1e1e1e; \"><\/div><\/div><div class=\"row-bg-overlay row-bg-layer\" style=\"background-color:#f55061;  opacity: 0.95; \"><\/div><\/div><div class=\"row_col_wrap_12 col span_12 light left\">\n\t<div  class=\"vc_col-sm-6 wpb_column column_container vc_column_container col has-animation no-extra-padding inherit_tablet inherit_phone\"  data-padding-pos=\"all\" data-has-bg-color=\"false\" data-bg-color=\"\" data-bg-opacity=\"1\" data-animation=\"fade-in-from-bottom\" data-delay=\"0\" >\n\t\t<div class=\"vc_column-inner\" >\n\t\t\t<div class=\"wpb_wrapper\">\n\t\t\t\t<p style=\"color: rgba(255,255,255,0.6);text-align: left\" class=\"vc_custom_heading wpb_animate_when_almost_visible wpb_fadeInUp fadeInUp vc_custom_1737428733829\" >Market Readiness &amp; Consultation<\/p><h2 style=\"font-size: 88px;line-height: 97px;text-align: left;font-family:Roboto;font-weight:700;font-style:normal\" class=\"vc_custom_heading\" >M\u1edf C\u1eeda Th\u1ecb Tr\u01b0\u1eddng M\u1edbi V\u1edbi C\u00e1c Chi\u1ebfn L\u01b0\u1ee3c T\u00f9y Ch\u1ec9nh<\/h2><p style=\"color: rgba(255,255,255,0.6);text-align: left\" class=\"vc_custom_heading wpb_animate_when_almost_visible wpb_fadeInUp fadeInUp vc_custom_1737426207181\" >Vi\u1ec7c m\u1edf r\u1ed9ng v\u00e0o m\u1ed9t th\u1ecb tr\u01b0\u1eddng m\u1edbi c\u00f3 th\u1ec3 l\u00e0 m\u1ed9t th\u1eed th\u00e1ch l\u1edbn. T\u1ea1i Matamko, ch\u00fang t\u00f4i \u0111\u01a1n gi\u1ea3n h\u00f3a quy tr\u00ecnh n\u00e0y th\u00f4ng qua t\u01b0 v\u1ea5n chuy\u00ean gia v\u00e0 s\u1ef1 hi\u1ec3u bi\u1ebft s\u00e2u s\u1eafc v\u1ec1 \u0111\u1eb7c th\u00f9 \u0111\u1ecba ph\u01b0\u01a1ng t\u1ea1i c\u1ea3 Singapore v\u00e0 Vi\u1ec7t Nam.<\/p>\n\t\t\t<\/div> \n\t\t<\/div>\n\t<\/div> \n\n\t<div  class=\"vc_col-sm-6 wpb_column column_container vc_column_container col no-extra-padding inherit_tablet inherit_phone\"  data-padding-pos=\"all\" data-has-bg-color=\"false\" data-bg-color=\"\" data-bg-opacity=\"1\" data-animation=\"\" data-delay=\"0\" >\n\t\t<div class=\"vc_column-inner\" >\n\t\t\t<div class=\"wpb_wrapper\">\n\t\t\t\t<div id=\"fws_69e4cdb8ab46e\" data-midnight=\"\" data-column-margin=\"default\" class=\"wpb_row vc_row-fluid vc_row inner_row\"  style=\"\"><div class=\"row-bg-wrap\"> <div class=\"row-bg\" ><\/div> <\/div><div class=\"row_col_wrap_12_inner col span_12  left\">\n\t<div  class=\"vc_col-sm-12 wpb_column column_container vc_column_container col child_column has-animation no-extra-padding inherit_tablet inherit_phone\"   data-padding-pos=\"all\" data-has-bg-color=\"false\" data-bg-color=\"\" data-bg-opacity=\"1\" data-animation=\"fade-in\" data-delay=\"0\" >\n\t\t<div class=\"vc_column-inner\" >\n\t\t<div class=\"wpb_wrapper\">\n\t\t\t<div class=\"img-with-aniamtion-wrap\" data-max-width=\"100%\" data-max-width-mobile=\"default\" data-border-radius=\"20px\" data-shadow=\"none\" data-animation=\"none\" >\n      <div class=\"inner\">\n        <div class=\"hover-wrap\"> \n          <div class=\"hover-wrap-inner\">\n            <img loading=\"lazy\" decoding=\"async\" class=\"img-with-animation skip-lazy\" data-delay=\"0\" height=\"600\" width=\"700\" data-animation=\"none\" src=\"https:\/\/matamko.com\/wp-content\/uploads\/2025\/01\/logo01.png\" alt=\"\" srcset=\"https:\/\/matamko.com\/wp-content\/uploads\/2025\/01\/logo01.png 700w, https:\/\/matamko.com\/wp-content\/uploads\/2025\/01\/logo01-300x257.png 300w\" sizes=\"auto, (max-width: 700px) 100vw, 700px\" \/>\n          <\/div>\n        <\/div>\n      <\/div>\n    <\/div>\n\t\t<\/div> \n\t<\/div>\n\t<\/div> \n<\/div><\/div>\n\t\t\t<\/div> \n\t\t<\/div>\n\t<\/div> \n<\/div><\/div>\n\t\t<div id=\"fws_69e4cdb8ad43e\"  data-column-margin=\"default\" data-midnight=\"light\" data-top-percent=\"18%\" data-bottom-percent=\"18%\"  class=\"wpb_row vc_row-fluid vc_row full-width-section parallax_section\"  style=\"padding-top: calc(100vw * 0.18); padding-bottom: calc(100vw * 0.18); \"><div class=\"row-bg-wrap\" data-bg-animation=\"none\" data-bg-animation-delay=\"\" data-bg-overlay=\"true\"><div class=\"inner-wrap row-bg-layer using-image\" ><div class=\"row-bg viewport-desktop using-image using-bg-color\" data-parallax-speed=\"fast\" style=\"background-image: url(https:\/\/matamko.com\/wp-content\/uploads\/2025\/01\/services_market01.jpg); background-position: center center; background-repeat: no-repeat; background-color: #333333; \"><\/div><\/div><div class=\"row-bg-overlay row-bg-layer\" style=\"background-color:rgba(10,10,10,0.78);  opacity: 0.8; \"><\/div><\/div><div class=\"row_col_wrap_12 col span_12 light left\">\n\t<div  class=\"vc_col-sm-12 wpb_column column_container vc_column_container col no-extra-padding inherit_tablet inherit_phone\"  data-padding-pos=\"all\" data-has-bg-color=\"false\" data-bg-color=\"\" data-bg-opacity=\"1\" data-animation=\"\" data-delay=\"0\" >\n\t\t<div class=\"vc_column-inner\" >\n\t\t\t<div class=\"wpb_wrapper\">\n\t\t\t\t<div id=\"fws_69e4cdb8ad90f\" data-midnight=\"\" data-column-margin=\"default\" class=\"wpb_row vc_row-fluid vc_row inner_row\"  style=\"\"><div class=\"row-bg-wrap\"> <div class=\"row-bg\" ><\/div> <\/div><div class=\"row_col_wrap_12_inner col span_12  left\">\n\t<div  class=\"vc_col-sm-6 wpb_column column_container vc_column_container col child_column has-animation no-extra-padding inherit_tablet inherit_phone\"   data-padding-pos=\"all\" data-has-bg-color=\"false\" data-bg-color=\"\" data-bg-opacity=\"1\" data-animation=\"fade-in-from-bottom\" data-delay=\"0\" >\n\t\t<div class=\"vc_column-inner\" >\n\t\t<div class=\"wpb_wrapper\">\n\t\t\t\n<div class=\"wpb_text_column wpb_content_element  wpb_animate_when_almost_visible wpb_fadeInUp fadeInUp vc_custom_1737531764526\" >\n\t<div class=\"wpb_wrapper\">\n\t\t<h3>S\u1ef1 Ph\u00f9 H\u1ee3p V\u0103n H\u00f3a<\/h3>\n\t<\/div>\n<\/div>\n\n\n\n<p style=\"color: rgba(255,255,255,0.6);text-align: left\" class=\"vc_custom_heading wpb_animate_when_almost_visible wpb_fadeInUp fadeInUp vc_custom_1737531749959\" >Ch\u00fang t\u00f4i chuy\u00ean gi\u00fap \u0111i\u1ec1u ch\u1ec9nh b\u1ea3n s\u1eafc th\u01b0\u01a1ng hi\u1ec7u c\u1ee7a b\u1ea1n sao cho ph\u00f9 h\u1ee3p v\u1edbi c\u00e1c gi\u00e1 tr\u1ecb, xu h\u01b0\u1edbng v\u00e0 s\u1edf th\u00edch \u0111\u1ecba ph\u01b0\u01a1ng. B\u1eb1ng c\u00e1ch hi\u1ec3u r\u00f5 nh\u1eefng s\u1eafc th\u00e1i v\u0103n h\u00f3a, ch\u00fang t\u00f4i \u0111\u1ea3m b\u1ea3o th\u00f4ng \u0111i\u1ec7p c\u1ee7a b\u1ea1n s\u1ebd \u0111\u01b0\u1ee3c \u0111\u00f3n nh\u1eadn m\u1ed9t c\u00e1ch ch\u00e2n th\u1eadt v\u00e0 t\u1ea1o d\u1ef1ng nh\u1eefng k\u1ebft n\u1ed1i c\u00f3 \u00fd ngh\u0129a.<\/p><div class=\"nectar-fancy-ul font_size_min_16px font_size_desktop_1-1vw font_line_height_1-6\" data-list-icon=\"icon-salient-check\" data-animation=\"false\" data-animation-delay=\"0\" data-color=\"accent-color\" data-spacing=\"10px\" data-alignment=\"left\"> \n<ul>\n<li><strong>Chi\u1ebfn L\u01b0\u1ee3c N\u1ed9i Dung \u0110\u1ecba Ph\u01b0\u01a1ng H\u00f3a<\/strong> Ch\u00fang t\u00f4i t\u1ea1o ra n\u1ed9i dung ph\u00f9 h\u1ee3p v\u1edbi v\u0103n h\u00f3a \u0111\u1ecba ph\u01b0\u01a1ng, k\u1ebft n\u1ed1i v\u1edbi kh\u00e1ch h\u00e0ng m\u1ed9t c\u00e1ch t\u1ef1 nhi\u00ean<\/li>\n<li><strong>H\u00ecnh \u1ea2nh Th\u01b0\u01a1ng Hi\u1ec7u \u0110\u1eb7c Th\u00f9 Cho Th\u1ecb Tr\u01b0\u1eddng<\/strong> Ch\u00fang t\u00f4i \u0111i\u1ec1u ch\u1ec9nh thi\u1ebft k\u1ebf th\u01b0\u01a1ng hi\u1ec7u sao cho ph\u00f9 h\u1ee3p v\u1edbi s\u1edf th\u00edch c\u1ee7a th\u1ecb tr\u01b0\u1eddng \u0111\u1ecba ph\u01b0\u01a1ng m\u00e0 v\u1eabn gi\u1eef \u0111\u01b0\u1ee3c b\u1ea3n s\u1eafc ri\u00eang c\u1ee7a b\u1ea1n.<\/li>\n<li><strong>Hi\u1ec3u Bi\u1ebft Ng\u01b0\u1eddi Ti\u00eau D\u00f9ng \u0110\u1ecba Ph\u01b0\u01a1ng<\/strong> Ch\u00fang t\u00f4i ph\u00e2n t\u00edch h\u00e0nh vi ng\u01b0\u1eddi ti\u00eau d\u00f9ng \u0111\u1ec3 x\u00e2y d\u1ef1ng chi\u1ebfn l\u01b0\u1ee3c hi\u1ec7u qu\u1ea3, th\u1ef1c s\u1ef1 thu h\u00fat v\u00e0 chuy\u1ec3n \u0111\u1ed5i kh\u00e1ch h\u00e0ng.<\/li>\n<li><strong>Kinh Nghi\u1ec7m T\u1ea1i Ch\u1ed7<\/strong> V\u1edbi chuy\u00ean m\u00f4n s\u00e2u v\u1ec1 th\u1ecb tr\u01b0\u1eddng Singapore v\u00e0 Vi\u1ec7t Nam, ch\u00fang t\u00f4i gi\u00fap b\u1ea1n tr\u00e1nh nh\u1eefng sai l\u1ea7m v\u0103n h\u00f3a v\u00e0 t\u1ed1i \u0111a h\u00f3a t\u00e1c \u0111\u1ed9ng c\u1ee7a chi\u1ebfn l\u01b0\u1ee3c.<\/li>\n<\/ul>\n <\/div>\n\t\t<\/div> \n\t<\/div>\n\t<\/div> \n\n\t<div  class=\"vc_col-sm-6 wpb_column column_container vc_column_container col child_column no-extra-padding inherit_tablet inherit_phone\"   data-padding-pos=\"all\" data-has-bg-color=\"false\" data-bg-color=\"\" data-bg-opacity=\"1\" data-animation=\"\" data-delay=\"0\" >\n\t\t<div class=\"vc_column-inner\" >\n\t\t<div class=\"wpb_wrapper\">\n\t\t\t\n\t\t<\/div> \n\t<\/div>\n\t<\/div> \n<\/div><\/div>\n\t\t\t<\/div> \n\t\t<\/div>\n\t<\/div> \n<\/div><\/div>\n\t\t<div id=\"fws_69e4cdb8aea15\"  data-column-margin=\"default\" data-midnight=\"light\" data-top-percent=\"18%\" data-bottom-percent=\"18%\"  class=\"wpb_row vc_row-fluid vc_row full-width-section parallax_section\"  style=\"padding-top: calc(100vw * 0.18); padding-bottom: calc(100vw * 0.18); \"><div class=\"row-bg-wrap\" data-bg-animation=\"none\" data-bg-animation-delay=\"\" data-bg-overlay=\"true\"><div class=\"inner-wrap row-bg-layer using-image\" ><div class=\"row-bg viewport-desktop using-image using-bg-color\" data-parallax-speed=\"fast\" style=\"background-image: url(https:\/\/matamko.com\/wp-content\/uploads\/2025\/01\/services_market02.jpg); background-position: right center; background-repeat: no-repeat; background-color: #333333; \"><\/div><\/div><div class=\"row-bg-overlay row-bg-layer\" style=\"background-color:#0a0a0a;  opacity: 0.5; \"><\/div><\/div><div class=\"row_col_wrap_12 col span_12 light left\">\n\t<div  class=\"vc_col-sm-12 wpb_column column_container vc_column_container col no-extra-padding inherit_tablet inherit_phone\"  data-padding-pos=\"all\" data-has-bg-color=\"false\" data-bg-color=\"\" data-bg-opacity=\"1\" data-animation=\"\" data-delay=\"0\" >\n\t\t<div class=\"vc_column-inner\" >\n\t\t\t<div class=\"wpb_wrapper\">\n\t\t\t\t<div id=\"fws_69e4cdb8aee89\" data-midnight=\"\" data-column-margin=\"default\" class=\"wpb_row vc_row-fluid vc_row inner_row\"  style=\"\"><div class=\"row-bg-wrap\"> <div class=\"row-bg\" ><\/div> <\/div><div class=\"row_col_wrap_12_inner col span_12  left\">\n\t<div  class=\"vc_col-sm-8 wpb_column column_container vc_column_container col child_column no-extra-padding inherit_tablet inherit_phone\"   data-padding-pos=\"all\" data-has-bg-color=\"false\" data-bg-color=\"\" data-bg-opacity=\"1\" data-animation=\"\" data-delay=\"0\" >\n\t\t<div class=\"vc_column-inner\" >\n\t\t<div class=\"wpb_wrapper\">\n\t\t\t\n\t\t<\/div> \n\t<\/div>\n\t<\/div> \n\n\t<div  class=\"vc_col-sm-4 wpb_column column_container vc_column_container col child_column has-animation no-extra-padding inherit_tablet inherit_phone\"   data-padding-pos=\"all\" data-has-bg-color=\"false\" data-bg-color=\"\" data-bg-opacity=\"1\" data-animation=\"fade-in-from-bottom\" data-delay=\"0\" >\n\t\t<div class=\"vc_column-inner\" >\n\t\t<div class=\"wpb_wrapper\">\n\t\t\t\n<div class=\"wpb_text_column wpb_content_element  wpb_animate_when_almost_visible wpb_fadeInUp fadeInUp vc_custom_1737531796448\" >\n\t<div class=\"wpb_wrapper\">\n\t\t<h3>\u0110i\u1ec1u Ch\u1ec9nh S\u1ea3n Ph\u1ea9m<\/h3>\n\t<\/div>\n<\/div>\n\n\n\n<p style=\"color: rgba(255,255,255,0.6);text-align: left\" class=\"vc_custom_heading wpb_animate_when_almost_visible wpb_fadeInUp fadeInUp vc_custom_1737531781321\" >\u0110\u1ed9i ng\u0169 c\u1ee7a ch\u00fang t\u00f4i gi\u00fap tinh ch\u1ec9nh s\u1ea3n ph\u1ea9m c\u1ee7a b\u1ea1n \u0111\u1ec3 ph\u00f9 h\u1ee3p v\u1edbi s\u1edf th\u00edch \u0111\u1ecba ph\u01b0\u01a1ng m\u00e0 kh\u00f4ng l\u00e0m m\u1ea5t \u0111i b\u1ea3n ch\u1ea5t th\u01b0\u01a1ng hi\u1ec7u. Ch\u00fang t\u00f4i h\u1ee3p t\u00e1c c\u00f9ng b\u1ea1n \u0111\u1ec3 t\u1ea1o ra nh\u1eefng s\u1ea3n ph\u1ea9m h\u1ea5p d\u1eabn v\u1edbi th\u1ecb tr\u01b0\u1eddng, \u0111\u1ed3ng th\u1eddi duy tr\u00ec \u0111\u01b0\u1ee3c s\u1ef1 \u0111\u1ed9c \u0111\u00e1o c\u1ee7a th\u01b0\u01a1ng hi\u1ec7u.<\/p><div class=\"nectar-fancy-ul font_size_min_16px font_size_desktop_1-1vw font_line_height_1-6\" data-list-icon=\"icon-salient-check\" data-animation=\"false\" data-animation-delay=\"0\" data-color=\"accent-color\" data-spacing=\"10px\" data-alignment=\"left\"> \n<ul>\n<li><strong>\u0110\u1ecba Ph\u01b0\u01a1ng H\u00f3a H\u01b0\u01a1ng V\u1ecb<\/strong> Ch\u00fang t\u00f4i \u0111i\u1ec1u ch\u1ec9nh c\u00f4ng th\u1ee9c v\u00e0 s\u1ea3n ph\u1ea9m c\u1ee7a b\u1ea1n \u0111\u1ec3 ph\u00f9 h\u1ee3p v\u1edbi kh\u1ea9u v\u1ecb \u0111\u1ecba ph\u01b0\u01a1ng, nh\u01b0ng v\u1eabn gi\u1eef \u0111\u01b0\u1ee3c h\u01b0\u01a1ng v\u1ecb c\u1ed1t l\u00f5i c\u1ee7a th\u01b0\u01a1ng hi\u1ec7u.<\/li>\n<li><strong>T\u1ed1i \u01afu H\u00f3a Nguy\u00ean Li\u1ec7u<\/strong> Ch\u00fang t\u00f4i t\u00ecm ki\u1ebfm c\u00e1c nguy\u00ean li\u1ec7u \u0111\u1ecba ph\u01b0\u01a1ng ph\u00f9 h\u1ee3p \u0111\u1ec3 duy tr\u00ec ch\u1ea5t l\u01b0\u1ee3ng, gi\u1ea3m chi ph\u00ed v\u00e0 \u0111\u1ea3m b\u1ea3o kh\u1ea3 n\u0103ng ti\u1ebfp c\u1eadn.<\/li>\n<li><strong>Chi\u1ebfn L\u01b0\u1ee3c Th\u1ef1c \u0110\u01a1n<\/strong> Ch\u00fang t\u00f4i gi\u00fap x\u00e2y d\u1ef1ng c\u00e1c d\u00f2ng s\u1ea3n ph\u1ea9m ph\u00f9 h\u1ee3p v\u1edbi th\u1ecb tr\u01b0\u1eddng, thu h\u00fat kh\u00e1ch h\u00e0ng \u0111\u1ecba ph\u01b0\u01a1ng trong khi v\u1eabn gi\u1eef v\u1eefng b\u1ea3n s\u1eafc th\u01b0\u01a1ng hi\u1ec7u c\u1ee7a b\u1ea1n.<\/li>\n<li><strong>Ki\u1ec3m Tra Ng\u01b0\u1eddi Ti\u00eau D\u00f9ng<\/strong> Ch\u00fang t\u00f4i ti\u1ebfn h\u00e0nh th\u1eed nghi\u1ec7m th\u1ecb tr\u01b0\u1eddng v\u00e0 thu th\u1eadp ph\u1ea3n h\u1ed3i \u0111\u1ec3 \u0111\u1ea3m b\u1ea3o s\u1ea3n ph\u1ea9m c\u1ee7a b\u1ea1n \u0111\u00e1p \u1ee9ng \u0111\u00fang nhu c\u1ea7u v\u00e0 mong mu\u1ed1n c\u1ee7a kh\u00e1ch h\u00e0ng m\u1ee5c ti\u00eau<\/li>\n<\/ul>\n <\/div>\n\t\t<\/div> \n\t<\/div>\n\t<\/div> \n<\/div><\/div>\n\t\t\t<\/div> \n\t\t<\/div>\n\t<\/div> \n<\/div><\/div>\n\t\t<div id=\"fws_69e4cdb8afc3f\"  data-column-margin=\"default\" data-midnight=\"light\" data-top-percent=\"18%\" data-bottom-percent=\"18%\"  class=\"wpb_row vc_row-fluid vc_row full-width-section parallax_section\"  style=\"padding-top: calc(100vw * 0.18); padding-bottom: calc(100vw * 0.18); \"><div class=\"row-bg-wrap\" data-bg-animation=\"none\" data-bg-animation-delay=\"\" data-bg-overlay=\"true\"><div class=\"inner-wrap row-bg-layer using-image\" ><div class=\"row-bg viewport-desktop using-image using-bg-color\" data-parallax-speed=\"fast\" style=\"background-image: url(https:\/\/matamko.com\/wp-content\/uploads\/2025\/01\/services_market03.jpg); background-position: center center; background-repeat: no-repeat; background-color: #333333; \"><\/div><\/div><div class=\"row-bg-overlay row-bg-layer\" style=\"background-color:rgba(10,10,10,0.78);  opacity: 0.8; \"><\/div><\/div><div class=\"row_col_wrap_12 col span_12 light left\">\n\t<div  class=\"vc_col-sm-12 wpb_column column_container vc_column_container col no-extra-padding inherit_tablet inherit_phone\"  data-padding-pos=\"all\" data-has-bg-color=\"false\" data-bg-color=\"\" data-bg-opacity=\"1\" data-animation=\"\" data-delay=\"0\" >\n\t\t<div class=\"vc_column-inner\" >\n\t\t\t<div class=\"wpb_wrapper\">\n\t\t\t\t<div id=\"fws_69e4cdb8b007e\" data-midnight=\"\" data-column-margin=\"default\" class=\"wpb_row vc_row-fluid vc_row inner_row\"  style=\"\"><div class=\"row-bg-wrap\"> <div class=\"row-bg\" ><\/div> <\/div><div class=\"row_col_wrap_12_inner col span_12  left\">\n\t<div  class=\"vc_col-sm-6 wpb_column column_container vc_column_container col child_column has-animation no-extra-padding inherit_tablet inherit_phone\"   data-padding-pos=\"all\" data-has-bg-color=\"false\" data-bg-color=\"\" data-bg-opacity=\"1\" data-animation=\"fade-in-from-bottom\" data-delay=\"0\" >\n\t\t<div class=\"vc_column-inner\" >\n\t\t<div class=\"wpb_wrapper\">\n\t\t\t\n<div class=\"wpb_text_column wpb_content_element  wpb_animate_when_almost_visible wpb_fadeInUp fadeInUp vc_custom_1737531828144\" >\n\t<div class=\"wpb_wrapper\">\n\t\t<h4>Nghi\u00ean C\u1ee9u Th\u1ecb Tr\u01b0\u1eddng<\/h4>\n\t<\/div>\n<\/div>\n\n\n\n<p style=\"color: rgba(255,255,255,0.6);text-align: left\" class=\"vc_custom_heading wpb_animate_when_almost_visible wpb_fadeInUp fadeInUp vc_custom_1737531812456\" >Ch\u00fang t\u00f4i cung c\u1ea5p nh\u1eefng th\u00f4ng tin to\u00e0n di\u1ec7n v\u1ec1 nh\u00e2n kh\u1ea9u h\u1ecdc kh\u00e1ch h\u00e0ng, th\u00f3i quen mua s\u1eafm v\u00e0 b\u1ed1i c\u1ea3nh c\u1ea1nh tranh t\u1ea1i Singapore v\u00e0 Vi\u1ec7t Nam, mang \u0111\u1ebfn cho b\u1ea1n nh\u1eefng chi\u1ebfn l\u01b0\u1ee3c d\u1ef1a tr\u00ean d\u1eef li\u1ec7u \u0111\u1ec3 \u0111\u1ea1t \u0111\u01b0\u1ee3c th\u00e0nh c\u00f4ng.<\/p><div class=\"nectar-fancy-ul font_size_min_16px font_size_desktop_1-1vw font_line_height_1-6\" data-list-icon=\"icon-salient-check\" data-animation=\"false\" data-animation-delay=\"0\" data-color=\"accent-color\" data-spacing=\"10px\" data-alignment=\"left\"> \n<ul>\n<li><strong>Th\u00f4ng Tin Ng\u01b0\u1eddi Ti\u00eau D\u00f9ng<\/strong> Ch\u00fang t\u00f4i ph\u00e2n t\u00edch h\u00e0nh vi v\u00e0 s\u1edf th\u00edch mua s\u1eafm \u0111\u1ec3 gi\u00fap b\u1ea1n k\u1ebft n\u1ed1i v\u1edbi \u0111\u1ed1i t\u01b0\u1ee3ng kh\u00e1ch h\u00e0ng l\u00fd t\u01b0\u1edfng.<\/li>\n<li><strong>Ph\u00e2n T\u00edch \u0110\u1ed1i Th\u1ee7 C\u1ea1nh Tranh<\/strong> Ch\u00fang t\u00f4i \u0111\u00e1nh gi\u00e1 c\u00e1c xu h\u01b0\u1edbng th\u1ecb tr\u01b0\u1eddng v\u00e0 chi\u1ebfn l\u01b0\u1ee3c c\u1ee7a \u0111\u1ed1i th\u1ee7 \u0111\u1ec3 gi\u00fap b\u1ea1n lu\u00f4n \u0111i tr\u01b0\u1edbc v\u00e0 v\u01b0\u1ee3t l\u00ean trong cu\u1ed9c c\u1ea1nh tranh.<\/li>\n<li><strong>D\u1eef Li\u1ec7u \u0110\u1ecba Ph\u01b0\u01a1ng<\/strong> Ch\u00fang t\u00f4i cung c\u1ea5p nh\u1eefng th\u00f4ng tin c\u1ee5 th\u1ec3 v\u1ec1 t\u1eebng khu v\u1ef1c t\u1ea1i Singapore v\u00e0 Vi\u1ec7t Nam, \u0111\u1ea3m b\u1ea3o chi\u1ebfn l\u01b0\u1ee3c c\u1ee7a b\u1ea1n ch\u00ednh x\u00e1c v\u00e0 ph\u00f9 h\u1ee3p v\u1edbi th\u1ecb tr\u01b0\u1eddng<\/li>\n<li><strong>Chi\u1ebfn L\u01b0\u1ee3c C\u00f3 Th\u1ec3 H\u00e0nh \u0110\u1ed9ng<\/strong> Ch\u00fang t\u00f4i bi\u1ebfn d\u1eef li\u1ec7u th\u00e0nh c\u00e1c gi\u1ea3i ph\u00e1p th\u1ef1c t\u1ebf gi\u00fap th\u00fac \u0111\u1ea9y doanh s\u1ed1, t\u0103ng c\u01b0\u1eddng t\u01b0\u01a1ng t\u00e1c v\u00e0 ph\u00e1t tri\u1ec3n th\u01b0\u01a1ng hi\u1ec7u.<\/li>\n<\/ul>\n <\/div>\n\t\t<\/div> \n\t<\/div>\n\t<\/div> \n\n\t<div  class=\"vc_col-sm-6 wpb_column column_container vc_column_container col child_column no-extra-padding inherit_tablet inherit_phone\"   data-padding-pos=\"all\" data-has-bg-color=\"false\" data-bg-color=\"\" data-bg-opacity=\"1\" data-animation=\"\" data-delay=\"0\" >\n\t\t<div class=\"vc_column-inner\" >\n\t\t<div class=\"wpb_wrapper\">\n\t\t\t\n\t\t<\/div> \n\t<\/div>\n\t<\/div> \n<\/div><\/div>\n\t\t\t<\/div> \n\t\t<\/div>\n\t<\/div> \n<\/div><\/div>\n\t\t<div id=\"fws_69e4cdb8b0e27\"  data-column-margin=\"default\" data-midnight=\"light\" data-top-percent=\"18%\" data-bottom-percent=\"18%\"  class=\"wpb_row vc_row-fluid vc_row full-width-section parallax_section\"  style=\"padding-top: calc(100vw * 0.18); padding-bottom: calc(100vw * 0.18); \"><div class=\"row-bg-wrap\" data-bg-animation=\"none\" data-bg-animation-delay=\"\" data-bg-overlay=\"true\"><div class=\"inner-wrap row-bg-layer using-image\" ><div class=\"row-bg viewport-desktop using-image using-bg-color\" data-parallax-speed=\"fast\" style=\"background-image: url(https:\/\/matamko.com\/wp-content\/uploads\/2025\/01\/services_market04.jpg); background-position: right center; background-repeat: no-repeat; background-color: #333333; \"><\/div><\/div><div class=\"row-bg-overlay row-bg-layer\" style=\"background-color:#0a0a0a;  opacity: 0.5; \"><\/div><\/div><div class=\"row_col_wrap_12 col span_12 light left\">\n\t<div  class=\"vc_col-sm-12 wpb_column column_container vc_column_container col no-extra-padding inherit_tablet inherit_phone\"  data-padding-pos=\"all\" data-has-bg-color=\"false\" data-bg-color=\"\" data-bg-opacity=\"1\" data-animation=\"\" data-delay=\"0\" >\n\t\t<div class=\"vc_column-inner\" >\n\t\t\t<div class=\"wpb_wrapper\">\n\t\t\t\t<div id=\"fws_69e4cdb8b12c9\" data-midnight=\"\" data-column-margin=\"default\" class=\"wpb_row vc_row-fluid vc_row inner_row\"  style=\"\"><div class=\"row-bg-wrap\"> <div class=\"row-bg\" ><\/div> <\/div><div class=\"row_col_wrap_12_inner col span_12  left\">\n\t<div  class=\"vc_col-sm-8 wpb_column column_container vc_column_container col child_column no-extra-padding inherit_tablet inherit_phone\"   data-padding-pos=\"all\" data-has-bg-color=\"false\" data-bg-color=\"\" data-bg-opacity=\"1\" data-animation=\"\" data-delay=\"0\" >\n\t\t<div class=\"vc_column-inner\" >\n\t\t<div class=\"wpb_wrapper\">\n\t\t\t\n\t\t<\/div> \n\t<\/div>\n\t<\/div> \n\n\t<div  class=\"vc_col-sm-4 wpb_column column_container vc_column_container col child_column has-animation no-extra-padding inherit_tablet inherit_phone\"   data-padding-pos=\"all\" data-has-bg-color=\"false\" data-bg-color=\"\" data-bg-opacity=\"1\" data-animation=\"fade-in-from-bottom\" data-delay=\"0\" >\n\t\t<div class=\"vc_column-inner\" >\n\t\t<div class=\"wpb_wrapper\">\n\t\t\t\n<div class=\"wpb_text_column wpb_content_element  wpb_animate_when_almost_visible wpb_fadeInUp fadeInUp vc_custom_1737531858812\" >\n\t<div class=\"wpb_wrapper\">\n\t\t<h4>Tu\u00e2n Th\u1ee7 v\u00e0 Quy \u0110\u1ecbnh<\/h4>\n\t<\/div>\n<\/div>\n\n\n\n<p style=\"color: rgba(255,255,255,0.6);text-align: left\" class=\"vc_custom_heading wpb_animate_when_almost_visible wpb_fadeInUp fadeInUp vc_custom_1737531846138\" >Vi\u1ec7c \u0111i\u1ec1u h\u01b0\u1edbng c\u00e1c lu\u1eadt ph\u00e1p \u0111\u1ecba ph\u01b0\u01a1ng tr\u1edf n\u00ean d\u1ec5 d\u00e0ng h\u01a1n nh\u1edd v\u00e0o s\u1ef1 chuy\u00ean m\u00f4n c\u1ee7a ch\u00fang t\u00f4i. T\u1eeb vi\u1ec7c xin gi\u1ea5y ph\u00e9p \u0111\u1ebfn \u0111\u1ea3m b\u1ea3o nh\u00e3n m\u00e1c s\u1ea3n ph\u1ea9m \u0111\u00fang quy \u0111\u1ecbnh, ch\u00fang t\u00f4i \u0111\u1ea3m b\u1ea3o doanh nghi\u1ec7p c\u1ee7a b\u1ea1n tu\u00e2n th\u1ee7 t\u1ea5t c\u1ea3 y\u00eau c\u1ea7u ph\u00e1p l\u00fd, mang l\u1ea1i s\u1ef1 y\u00ean t\u00e2m cho b\u1ea1n.<\/p><div class=\"nectar-fancy-ul font_size_min_16px font_size_desktop_1-1vw font_line_height_1-6\" data-list-icon=\"icon-salient-check\" data-animation=\"false\" data-animation-delay=\"0\" data-color=\"accent-color\" data-spacing=\"10px\" data-alignment=\"left\"> \n<ul>\n<li><strong>Tu\u00e2n Th\u1ee7 D\u1ec5 D\u00e0ng<\/strong> Ch\u00fang t\u00f4i lo ph\u1ea7n gi\u1ea5y t\u1edd, \u0111\u1ec3 b\u1ea1n c\u00f3 th\u1ec3 t\u1eadp trung v\u00e0o vi\u1ec7c \u0111i\u1ec1u h\u00e0nh doanh nghi\u1ec7p.<\/li>\n<li><strong>H\u1ed7 Tr\u1ee3 Gi\u1ea5y Ph\u00e9p v\u00e0 C\u1ea5p Gi\u1ea5y T\u1edd<\/strong> \u2013 From food safety to business registration, we ensure you&#8217;re fully compliant.<\/li>\n<li><strong>Quy \u0110\u1ecbnh V\u1ec1 Nh\u00e3n M\u00e1c v\u00e0 Bao B\u00ec<\/strong> Ch\u00fang t\u00f4i gi\u00fap s\u1ea3n ph\u1ea9m c\u1ee7a b\u1ea1n \u0111\u00e1p \u1ee9ng c\u00e1c ti\u00eau chu\u1ea9n \u0111\u1ecba ph\u01b0\u01a1ng \u0111\u1ec3 tr\u00e1nh nh\u1eefng v\u1ea5n \u0111\u1ec1 t\u1ed1n k\u00e9m.<\/li>\n<li><strong>Gi\u1ea3m Thi\u1ec3u R\u1ee7i Ro<\/strong> Lu\u00f4n \u0111i tr\u01b0\u1edbc thay \u0111\u1ed5i quy \u0111\u1ecbnh v\u00e0 tr\u00e1nh c\u00e1c r\u1ee7i ro ph\u00e1p l\u00fd nh\u1edd v\u00e0o s\u1ef1 h\u01b0\u1edbng d\u1eabn chuy\u00ean m\u00f4n c\u1ee7a ch\u00fang t\u00f4i<\/li>\n<\/ul>\n <\/div>\n\t\t<\/div> \n\t<\/div>\n\t<\/div> \n<\/div><\/div>\n\t\t\t<\/div> \n\t\t<\/div>\n\t<\/div> \n<\/div><\/div>","protected":false},"excerpt":{"rendered":"Market Readiness &amp; ConsultationUnlocking New Markets with Tailored StrategiesExpanding into a new market can be daunting. At Matamko, we simplify the process with expert consultation and a deep understanding of...","protected":false},"author":1,"featured_media":0,"parent":0,"menu_order":0,"comment_status":"closed","ping_status":"closed","template":"","meta":{"om_disable_all_campaigns":false,"footnotes":""},"class_list":["post-496","page","type-page","status-publish"],"_links":{"self":[{"href":"https:\/\/matamko.com\/vi\/wp-json\/wp\/v2\/pages\/496","targetHints":{"allow":["GET"]}}],"collection":[{"href":"https:\/\/matamko.com\/vi\/wp-json\/wp\/v2\/pages"}],"about":[{"href":"https:\/\/matamko.com\/vi\/wp-json\/wp\/v2\/types\/page"}],"author":[{"embeddable":true,"href":"https:\/\/matamko.com\/vi\/wp-json\/wp\/v2\/users\/1"}],"replies":[{"embeddable":true,"href":"https:\/\/matamko.com\/vi\/wp-json\/wp\/v2\/comments?post=496"}],"version-history":[{"count":5,"href":"https:\/\/matamko.com\/vi\/wp-json\/wp\/v2\/pages\/496\/revisions"}],"predecessor-version":[{"id":673,"href":"https:\/\/matamko.com\/vi\/wp-json\/wp\/v2\/pages\/496\/revisions\/673"}],"wp:attachment":[{"href":"https:\/\/matamko.com\/vi\/wp-json\/wp\/v2\/media?parent=496"}],"curies":[{"name":"wp","href":"https:\/\/api.w.org\/{rel}","templated":true}]}}