{"id":499,"date":"2025-01-21T09:14:36","date_gmt":"2025-01-21T02:14:36","guid":{"rendered":"https:\/\/matamko.com\/?page_id=499"},"modified":"2025-01-28T18:36:46","modified_gmt":"2025-01-28T11:36:46","slug":"social-media-marketing","status":"publish","type":"page","link":"https:\/\/matamko.com\/vi\/social-media-marketing\/","title":{"rendered":"Marketing Tr\u00ean M\u1ea1ng X\u00e3 H\u1ed9i"},"content":{"rendered":"<div id=\"fws_69e732b7662c6\"  data-column-margin=\"default\" data-midnight=\"light\" data-top-percent=\"10%\" data-bottom-percent=\"10%\"  class=\"wpb_row vc_row-fluid vc_row full-width-section vc_row-o-equal-height vc_row-flex vc_row-o-content-top parallax_section\"  style=\"padding-top: calc(100vw * 0.10); padding-bottom: calc(100vw * 0.10); \"><div class=\"row-bg-wrap\" data-bg-animation=\"none\" data-bg-animation-delay=\"\" data-bg-overlay=\"true\"><div class=\"inner-wrap row-bg-layer using-image\" ><div class=\"row-bg viewport-desktop using-image using-bg-color\" data-parallax-speed=\"fast\" style=\"background-image: url(https:\/\/themenectar.com\/img\/demo-media\/unsplash\/webp\/large-adventure.webp); background-position: center center; background-repeat: no-repeat; background-color: #1e1e1e; \"><\/div><\/div><div class=\"row-bg-overlay row-bg-layer\" style=\"background-color:#f55061;  opacity: 0.95; \"><\/div><\/div><div class=\"row_col_wrap_12 col span_12 light left\">\n\t<div  class=\"vc_col-sm-6 wpb_column column_container vc_column_container col has-animation no-extra-padding inherit_tablet inherit_phone\"  data-padding-pos=\"all\" data-has-bg-color=\"false\" data-bg-color=\"\" data-bg-opacity=\"1\" data-animation=\"fade-in-from-bottom\" data-delay=\"0\" >\n\t\t<div class=\"vc_column-inner\" >\n\t\t\t<div class=\"wpb_wrapper\">\n\t\t\t\t<p style=\"color: rgba(255,255,255,0.6);text-align: left\" class=\"vc_custom_heading wpb_animate_when_almost_visible wpb_fadeInUp fadeInUp vc_custom_1737431470868\" >Marketing Tr\u00ean M\u1ea1ng X\u00e3 H\u1ed9i<\/p><h2 style=\"font-size: 88px;line-height: 97px;text-align: left;font-family:Roboto;font-weight:700;font-style:normal\" class=\"vc_custom_heading\" >K\u1ebft N\u1ed1i, K\u00edch Th\u00edch, v\u00e0 N\u00e2ng T\u1ea7m Th\u01b0\u01a1ng Hi\u1ec7u C\u1ee7a B\u1ea1n Online<\/h2><p style=\"color: rgba(255,255,255,0.6);text-align: left\" class=\"vc_custom_heading wpb_animate_when_almost_visible wpb_fadeInUp fadeInUp vc_custom_1737426401200\" >M\u1ea1ng x\u00e3 h\u1ed9i l\u00e0 c\u00e1nh c\u1eeda k\u1ebft n\u1ed1i v\u1edbi kh\u00e1ch h\u00e0ng, v\u00e0 Matamko s\u1ebd gi\u00fap th\u01b0\u01a1ng hi\u1ec7u c\u1ee7a b\u1ea1n t\u1ecfa s\u00e1ng tr\u00ean m\u1ecdi n\u1ec1n t\u1ea3ng.<\/p>\n\t\t\t<\/div> \n\t\t<\/div>\n\t<\/div> \n\n\t<div  class=\"vc_col-sm-6 wpb_column column_container vc_column_container col no-extra-padding inherit_tablet inherit_phone\"  data-padding-pos=\"all\" data-has-bg-color=\"false\" data-bg-color=\"\" data-bg-opacity=\"1\" data-animation=\"\" data-delay=\"0\" >\n\t\t<div class=\"vc_column-inner\" >\n\t\t\t<div class=\"wpb_wrapper\">\n\t\t\t\t<div id=\"fws_69e732b768acb\" data-midnight=\"\" data-column-margin=\"default\" class=\"wpb_row vc_row-fluid vc_row inner_row\"  style=\"\"><div class=\"row-bg-wrap\"> <div class=\"row-bg\" ><\/div> <\/div><div class=\"row_col_wrap_12_inner col span_12  left\">\n\t<div  class=\"vc_col-sm-12 wpb_column column_container vc_column_container col child_column has-animation no-extra-padding inherit_tablet inherit_phone\"   data-padding-pos=\"all\" data-has-bg-color=\"false\" data-bg-color=\"\" data-bg-opacity=\"1\" data-animation=\"fade-in\" data-delay=\"0\" >\n\t\t<div class=\"vc_column-inner\" >\n\t\t<div class=\"wpb_wrapper\">\n\t\t\t<div class=\"img-with-aniamtion-wrap\" data-max-width=\"100%\" data-max-width-mobile=\"default\" data-shadow=\"none\" data-animation=\"none\" >\n      <div class=\"inner\">\n        <div class=\"hover-wrap\"> \n          <div class=\"hover-wrap-inner\">\n            <img loading=\"lazy\" decoding=\"async\" class=\"img-with-animation skip-lazy\" data-delay=\"0\" height=\"600\" width=\"700\" data-animation=\"none\" src=\"https:\/\/matamko.com\/wp-content\/uploads\/2025\/01\/logo01.png\" alt=\"\" srcset=\"https:\/\/matamko.com\/wp-content\/uploads\/2025\/01\/logo01.png 700w, https:\/\/matamko.com\/wp-content\/uploads\/2025\/01\/logo01-300x257.png 300w\" sizes=\"auto, (max-width: 700px) 100vw, 700px\" \/>\n          <\/div>\n        <\/div>\n      <\/div>\n    <\/div>\n\t\t<\/div> \n\t<\/div>\n\t<\/div> \n<\/div><\/div>\n\t\t\t<\/div> \n\t\t<\/div>\n\t<\/div> \n<\/div><\/div>\n\t\t<div id=\"fws_69e732b76dd9a\"  data-column-margin=\"default\" data-midnight=\"light\" data-top-percent=\"18%\" data-bottom-percent=\"18%\"  class=\"wpb_row vc_row-fluid vc_row full-width-section parallax_section\"  style=\"padding-top: calc(100vw * 0.18); padding-bottom: calc(100vw * 0.18); \"><div class=\"row-bg-wrap\" data-bg-animation=\"none\" data-bg-animation-delay=\"\" data-bg-overlay=\"true\"><div class=\"inner-wrap row-bg-layer using-image\" ><div class=\"row-bg viewport-desktop using-image using-bg-color\" data-parallax-speed=\"fast\" style=\"background-image: url(https:\/\/matamko.com\/wp-content\/uploads\/2025\/01\/services_social01.jpg); background-position: center center; background-repeat: no-repeat; background-color: #333333; \"><\/div><\/div><div class=\"row-bg-overlay row-bg-layer\" style=\"background-color:rgba(10,10,10,0.78);  opacity: 0.8; \"><\/div><\/div><div class=\"row_col_wrap_12 col span_12 light left\">\n\t<div  class=\"vc_col-sm-12 wpb_column column_container vc_column_container col no-extra-padding inherit_tablet inherit_phone\"  data-padding-pos=\"all\" data-has-bg-color=\"false\" data-bg-color=\"\" data-bg-opacity=\"1\" data-animation=\"\" data-delay=\"0\" >\n\t\t<div class=\"vc_column-inner\" >\n\t\t\t<div class=\"wpb_wrapper\">\n\t\t\t\t<div id=\"fws_69e732b76e4f9\" data-midnight=\"\" data-column-margin=\"default\" class=\"wpb_row vc_row-fluid vc_row inner_row\"  style=\"\"><div class=\"row-bg-wrap\"> <div class=\"row-bg\" ><\/div> <\/div><div class=\"row_col_wrap_12_inner col span_12  left\">\n\t<div  class=\"vc_col-sm-6 wpb_column column_container vc_column_container col child_column has-animation no-extra-padding inherit_tablet inherit_phone\"   data-padding-pos=\"all\" data-has-bg-color=\"false\" data-bg-color=\"\" data-bg-opacity=\"1\" data-animation=\"fade-in-from-bottom\" data-delay=\"0\" >\n\t\t<div class=\"vc_column-inner\" >\n\t\t<div class=\"wpb_wrapper\">\n\t\t\t\n<div class=\"wpb_text_column wpb_content_element  wpb_animate_when_almost_visible wpb_fadeInUp fadeInUp vc_custom_1737426467677\" >\n\t<div class=\"wpb_wrapper\">\n\t\t<h4>S\u00e1ng T\u1ea1o N\u1ed9i Dung<\/h4>\n\t<\/div>\n<\/div>\n\n\n\n<p style=\"color: rgba(255,255,255,0.6);text-align: left\" class=\"vc_custom_heading wpb_animate_when_almost_visible wpb_fadeInUp fadeInUp vc_custom_1737426766523\" >Mang Th\u01b0\u01a1ng Hi\u1ec7u C\u1ee7a B\u1ea1n \u0110\u1ebfn Cu\u1ed9c S\u1ed1ng<br \/>\nCh\u00fang t\u00f4i t\u1ea1o ra nh\u1eefng h\u00ecnh \u1ea3nh, video cu\u1ed1n h\u00fat, k\u1ec3 c\u00e2u chuy\u1ec7n th\u01b0\u01a1ng hi\u1ec7u v\u00e0 thu h\u00fat s\u1ef1 ch\u00fa \u00fd c\u1ee7a kh\u00e1ch h\u00e0ng m\u1ee5c ti\u00eau.<\/p><div class=\"nectar-fancy-ul font_size_min_16px font_size_desktop_1-1vw font_line_height_1-6\" data-list-icon=\"icon-salient-check\" data-animation=\"false\" data-animation-delay=\"0\" data-color=\"accent-color\" data-spacing=\"10px\" data-alignment=\"left\"> \n<ul>\n<li>Ph\u00e1t tri\u1ec3n h\u00ecnh \u1ea3nh b\u1eaft m\u1eaft (\u1ea3nh, video, \u0111\u1ed3 h\u1ecda).<\/li>\n<li>Vi\u1ebft n\u1ed9i dung \u1ea5n t\u01b0\u1ee3ng cho m\u1ea1ng x\u00e3 h\u1ed9i v\u00e0 c\u00e1c chi\u1ebfn d\u1ecbch.<\/li>\n<li>S\u1ea3n xu\u1ea5t n\u1ed9i dung ph\u00f9 h\u1ee3p cho nhi\u1ec1u n\u1ec1n t\u1ea3ng kh\u00e1c nhau.<\/li>\n<li>\u0110\u1ea3m b\u1ea3o t\u00ednh nh\u1ea5t qu\u00e1n th\u01b0\u01a1ng hi\u1ec7u tr\u00ean t\u1ea5t c\u1ea3 c\u00e1c ph\u01b0\u01a1ng ti\u1ec7n truy\u1ec1n th\u00f4ng.<\/li>\n<\/ul>\n <\/div>\n\t\t<\/div> \n\t<\/div>\n\t<\/div> \n\n\t<div  class=\"vc_col-sm-6 wpb_column column_container vc_column_container col child_column no-extra-padding inherit_tablet inherit_phone\"   data-padding-pos=\"all\" data-has-bg-color=\"false\" data-bg-color=\"\" data-bg-opacity=\"1\" data-animation=\"\" data-delay=\"0\" >\n\t\t<div class=\"vc_column-inner\" >\n\t\t<div class=\"wpb_wrapper\">\n\t\t\t\n\t\t<\/div> \n\t<\/div>\n\t<\/div> \n<\/div><\/div>\n\t\t\t<\/div> \n\t\t<\/div>\n\t<\/div> \n<\/div><\/div>\n\t\t<div id=\"fws_69e732b76fcd4\"  data-column-margin=\"default\" data-midnight=\"light\" data-top-percent=\"18%\" data-bottom-percent=\"18%\"  class=\"wpb_row vc_row-fluid vc_row full-width-section parallax_section\"  style=\"padding-top: calc(100vw * 0.18); padding-bottom: calc(100vw * 0.18); \"><div class=\"row-bg-wrap\" data-bg-animation=\"none\" data-bg-animation-delay=\"\" data-bg-overlay=\"true\"><div class=\"inner-wrap row-bg-layer using-image\" ><div class=\"row-bg viewport-desktop using-image using-bg-color\" data-parallax-speed=\"fast\" style=\"background-image: url(https:\/\/matamko.com\/wp-content\/uploads\/2025\/01\/services_social02.jpg); background-position: right center; background-repeat: no-repeat; background-color: #333333; \"><\/div><\/div><div class=\"row-bg-overlay row-bg-layer\" style=\"background-color:#0a0a0a;  opacity: 0.5; \"><\/div><\/div><div class=\"row_col_wrap_12 col span_12 light left\">\n\t<div  class=\"vc_col-sm-12 wpb_column column_container vc_column_container col no-extra-padding inherit_tablet inherit_phone\"  data-padding-pos=\"all\" data-has-bg-color=\"false\" data-bg-color=\"\" data-bg-opacity=\"1\" data-animation=\"\" data-delay=\"0\" >\n\t\t<div class=\"vc_column-inner\" >\n\t\t\t<div class=\"wpb_wrapper\">\n\t\t\t\t<div id=\"fws_69e732b7702f0\" data-midnight=\"\" data-column-margin=\"default\" class=\"wpb_row vc_row-fluid vc_row inner_row\"  style=\"\"><div class=\"row-bg-wrap\"> <div class=\"row-bg\" ><\/div> <\/div><div class=\"row_col_wrap_12_inner col span_12  left\">\n\t<div  class=\"vc_col-sm-8 wpb_column column_container vc_column_container col child_column no-extra-padding inherit_tablet inherit_phone\"   data-padding-pos=\"all\" data-has-bg-color=\"false\" data-bg-color=\"\" data-bg-opacity=\"1\" data-animation=\"\" data-delay=\"0\" >\n\t\t<div class=\"vc_column-inner\" >\n\t\t<div class=\"wpb_wrapper\">\n\t\t\t\n\t\t<\/div> \n\t<\/div>\n\t<\/div> \n\n\t<div  class=\"vc_col-sm-4 wpb_column column_container vc_column_container col child_column has-animation no-extra-padding inherit_tablet inherit_phone\"   data-padding-pos=\"all\" data-has-bg-color=\"false\" data-bg-color=\"\" data-bg-opacity=\"1\" data-animation=\"fade-in-from-bottom\" data-delay=\"0\" >\n\t\t<div class=\"vc_column-inner\" >\n\t\t<div class=\"wpb_wrapper\">\n\t\t\t\n<div class=\"wpb_text_column wpb_content_element  wpb_animate_when_almost_visible wpb_fadeInUp fadeInUp vc_custom_1737426806438\" >\n\t<div class=\"wpb_wrapper\">\n\t\t<h4>Qu\u1ea3n L\u00fd Chi\u1ebfn D\u1ecbch<\/h4>\n\t<\/div>\n<\/div>\n\n\n\n<p style=\"color: rgba(255,255,255,0.6);text-align: left\" class=\"vc_custom_heading wpb_animate_when_almost_visible wpb_fadeInUp fadeInUp vc_custom_1737426791257\" >Chi\u1ebfn D\u1ecbch Chi\u1ebfn L\u01b0\u1ee3c v\u00e0 H\u01b0\u1edbng T\u1edbi K\u1ebft Qu\u1ea3<br \/>\nT\u1eeb l\u1eadp k\u1ebf ho\u1ea1ch \u0111\u1ebfn tri\u1ec3n khai, ch\u00fang t\u00f4i qu\u1ea3n l\u00fd to\u00e0n b\u1ed9 chi\u1ebfn d\u1ecbch truy\u1ec1n th\u00f4ng x\u00e3 h\u1ed9i \u0111\u01b0\u1ee3c thi\u1ebft k\u1ebf \u0111\u1ec3 \u0111\u1ea1t \u0111\u01b0\u1ee3c m\u1ee5c ti\u00eau v\u00e0 t\u1ed1i \u0111a h\u00f3a ROI.<\/p><div class=\"nectar-fancy-ul font_size_min_16px font_size_desktop_1-1vw font_line_height_1-6\" data-list-icon=\"icon-salient-check\" data-animation=\"false\" data-animation-delay=\"0\" data-color=\"accent-color\" data-spacing=\"10px\" data-alignment=\"left\"> \n<ul>\n<li>Thi\u1ebft k\u1ebf chi\u1ebfn l\u01b0\u1ee3c marketing to\u00e0n di\u1ec7n.<\/li>\n<li>L\u00ean l\u1ecbch v\u00e0 gi\u00e1m s\u00e1t ti\u1ebfn \u0111\u1ed9 chi\u1ebfn d\u1ecbch.<\/li>\n<li>Ph\u00e2n t\u00edch hi\u1ec7u qu\u1ea3 chi\u1ebfn d\u1ecbch v\u00e0 t\u1ed1i \u01b0u h\u00f3a.<\/li>\n<li>\u0110i\u1ec1u ph\u1ed1i c\u00e1c ch\u01b0\u01a1ng tr\u00ecnh khuy\u1ebfn m\u00e3i tr\u00ean nhi\u1ec1u n\u1ec1n t\u1ea3ng hi\u1ec7u qu\u1ea3.<\/li>\n<\/ul>\n <\/div>\n\t\t<\/div> \n\t<\/div>\n\t<\/div> \n<\/div><\/div>\n\t\t\t<\/div> \n\t\t<\/div>\n\t<\/div> \n<\/div><\/div>\n\t\t<div id=\"fws_69e732b771aa6\"  data-column-margin=\"default\" data-midnight=\"light\" data-top-percent=\"18%\" data-bottom-percent=\"18%\"  class=\"wpb_row vc_row-fluid vc_row full-width-section parallax_section\"  style=\"padding-top: calc(100vw * 0.18); padding-bottom: calc(100vw * 0.18); \"><div class=\"row-bg-wrap\" data-bg-animation=\"none\" data-bg-animation-delay=\"\" data-bg-overlay=\"true\"><div class=\"inner-wrap row-bg-layer using-image\" ><div class=\"row-bg viewport-desktop using-image using-bg-color\" data-parallax-speed=\"fast\" style=\"background-image: url(https:\/\/matamko.com\/wp-content\/uploads\/2025\/01\/services_social03.jpg); background-position: center center; background-repeat: no-repeat; background-color: #333333; \"><\/div><\/div><div class=\"row-bg-overlay row-bg-layer\" style=\"background-color:rgba(10,10,10,0.78);  opacity: 0.8; \"><\/div><\/div><div class=\"row_col_wrap_12 col span_12 light left\">\n\t<div  class=\"vc_col-sm-12 wpb_column column_container vc_column_container col no-extra-padding inherit_tablet inherit_phone\"  data-padding-pos=\"all\" data-has-bg-color=\"false\" data-bg-color=\"\" data-bg-opacity=\"1\" data-animation=\"\" data-delay=\"0\" >\n\t\t<div class=\"vc_column-inner\" >\n\t\t\t<div class=\"wpb_wrapper\">\n\t\t\t\t<div id=\"fws_69e732b771f24\" data-midnight=\"\" data-column-margin=\"default\" class=\"wpb_row vc_row-fluid vc_row inner_row\"  style=\"\"><div class=\"row-bg-wrap\"> <div class=\"row-bg\" ><\/div> <\/div><div class=\"row_col_wrap_12_inner col span_12  left\">\n\t<div  class=\"vc_col-sm-6 wpb_column column_container vc_column_container col child_column has-animation no-extra-padding inherit_tablet inherit_phone\"   data-padding-pos=\"all\" data-has-bg-color=\"false\" data-bg-color=\"\" data-bg-opacity=\"1\" data-animation=\"fade-in-from-bottom\" data-delay=\"0\" >\n\t\t<div class=\"vc_column-inner\" >\n\t\t<div class=\"wpb_wrapper\">\n\t\t\t\n<div class=\"wpb_text_column wpb_content_element  wpb_animate_when_almost_visible wpb_fadeInUp fadeInUp vc_custom_1737426906817\" >\n\t<div class=\"wpb_wrapper\">\n\t\t<h4>H\u1ee3p T\u00e1c V\u1edbi Influencer\/KOL<\/h4>\n\t<\/div>\n<\/div>\n\n\n\n<p style=\"color: rgba(255,255,255,0.6);text-align: left\" class=\"vc_custom_heading wpb_animate_when_almost_visible wpb_fadeInUp fadeInUp vc_custom_1737426892856\" >H\u1ee3p t\u00e1c v\u1edbi nh\u1eefng influencer uy t\u00edn t\u1ea1i Singapore v\u00e0 Vi\u1ec7t Nam \u0111\u1ec3 x\u00e2y d\u1ef1ng \u0111\u1ed9 tin c\u1eady v\u00e0 m\u1edf r\u1ed9ng kh\u1ea3 n\u0103ng nh\u1eadn di\u1ec7n th\u01b0\u01a1ng hi\u1ec7u.<\/p><div class=\"nectar-fancy-ul font_size_min_16px font_size_desktop_1-1vw font_line_height_1-6\" data-list-icon=\"icon-salient-check\" data-animation=\"false\" data-animation-delay=\"0\" data-color=\"accent-color\" data-spacing=\"10px\" data-alignment=\"left\"> \n<ul>\n<li>X\u00e1c \u0111\u1ecbnh influencer ph\u00f9 h\u1ee3p v\u1edbi th\u01b0\u01a1ng hi\u1ec7u c\u1ee7a b\u1ea1n.<\/li>\n<li>Qu\u1ea3n l\u00fd m\u1ed1i quan h\u1ec7 \u0111\u1ed1i t\u00e1c v\u00e0 c\u00e1c cam k\u1ebft.<\/li>\n<li>T\u1ea1o ra c\u00e1c chi\u1ebfn d\u1ecbch gi\u00fap n\u00e2ng cao uy t\u00edn v\u00e0 ph\u1ea1m vi ti\u1ebfp c\u1eadn.<\/li>\n<li>Theo d\u00f5i hi\u1ec7u qu\u1ea3 v\u00e0 m\u1ee9c \u0111\u1ed9 t\u01b0\u01a1ng t\u00e1c t\u1eeb c\u00e1c h\u1ee3p t\u00e1c.<\/li>\n<\/ul>\n <\/div>\n\t\t<\/div> \n\t<\/div>\n\t<\/div> \n\n\t<div  class=\"vc_col-sm-6 wpb_column column_container vc_column_container col child_column no-extra-padding inherit_tablet inherit_phone\"   data-padding-pos=\"all\" data-has-bg-color=\"false\" data-bg-color=\"\" data-bg-opacity=\"1\" data-animation=\"\" data-delay=\"0\" >\n\t\t<div class=\"vc_column-inner\" >\n\t\t<div class=\"wpb_wrapper\">\n\t\t\t\n\t\t<\/div> \n\t<\/div>\n\t<\/div> \n<\/div><\/div>\n\t\t\t<\/div> \n\t\t<\/div>\n\t<\/div> \n<\/div><\/div>\n\t\t<div id=\"fws_69e732b772e56\"  data-column-margin=\"default\" data-midnight=\"light\" data-top-percent=\"18%\" data-bottom-percent=\"18%\"  class=\"wpb_row vc_row-fluid vc_row full-width-section parallax_section\"  style=\"padding-top: calc(100vw * 0.18); padding-bottom: calc(100vw * 0.18); \"><div class=\"row-bg-wrap\" data-bg-animation=\"none\" data-bg-animation-delay=\"\" data-bg-overlay=\"true\"><div class=\"inner-wrap row-bg-layer using-image\" ><div class=\"row-bg viewport-desktop using-image using-bg-color\" data-parallax-speed=\"fast\" style=\"background-image: url(https:\/\/matamko.com\/wp-content\/uploads\/2025\/01\/services_social04.jpg); background-position: right center; background-repeat: no-repeat; background-color: #333333; \"><\/div><\/div><div class=\"row-bg-overlay row-bg-layer\" style=\"background-color:#0a0a0a;  opacity: 0.5; \"><\/div><\/div><div class=\"row_col_wrap_12 col span_12 light left\">\n\t<div  class=\"vc_col-sm-12 wpb_column column_container vc_column_container col no-extra-padding inherit_tablet inherit_phone\"  data-padding-pos=\"all\" data-has-bg-color=\"false\" data-bg-color=\"\" data-bg-opacity=\"1\" data-animation=\"\" data-delay=\"0\" >\n\t\t<div class=\"vc_column-inner\" >\n\t\t\t<div class=\"wpb_wrapper\">\n\t\t\t\t<div id=\"fws_69e732b773335\" data-midnight=\"\" data-column-margin=\"default\" class=\"wpb_row vc_row-fluid vc_row inner_row\"  style=\"\"><div class=\"row-bg-wrap\"> <div class=\"row-bg\" ><\/div> <\/div><div class=\"row_col_wrap_12_inner col span_12  left\">\n\t<div  class=\"vc_col-sm-8 wpb_column column_container vc_column_container col child_column no-extra-padding inherit_tablet inherit_phone\"   data-padding-pos=\"all\" data-has-bg-color=\"false\" data-bg-color=\"\" data-bg-opacity=\"1\" data-animation=\"\" data-delay=\"0\" >\n\t\t<div class=\"vc_column-inner\" >\n\t\t<div class=\"wpb_wrapper\">\n\t\t\t\n\t\t<\/div> \n\t<\/div>\n\t<\/div> \n\n\t<div  class=\"vc_col-sm-4 wpb_column column_container vc_column_container col child_column has-animation no-extra-padding inherit_tablet inherit_phone\"   data-padding-pos=\"all\" data-has-bg-color=\"false\" data-bg-color=\"\" data-bg-opacity=\"1\" data-animation=\"fade-in-from-bottom\" data-delay=\"0\" >\n\t\t<div class=\"vc_column-inner\" >\n\t\t<div class=\"wpb_wrapper\">\n\t\t\t\n<div class=\"wpb_text_column wpb_content_element  wpb_animate_when_almost_visible wpb_fadeInUp fadeInUp vc_custom_1737426934370\" >\n\t<div class=\"wpb_wrapper\">\n\t\t<h4>Chi\u1ebfn L\u01b0\u1ee3c Qu\u1ea3ng C\u00e1o Tr\u1ea3 Ph\u00ed<\/h4>\n\t<\/div>\n<\/div>\n\n\n\n<p style=\"color: rgba(255,255,255,0.6);text-align: left\" class=\"vc_custom_heading wpb_animate_when_almost_visible wpb_fadeInUp fadeInUp vc_custom_1737426922031\" >Ch\u00fang t\u00f4i t\u1ea1o d\u1ef1ng v\u00e0 t\u1ed1i \u01b0u h\u00f3a c\u00e1c chi\u1ebfn d\u1ecbch qu\u1ea3ng c\u00e1o ti\u1ebft ki\u1ec7m chi ph\u00ed tr\u00ean c\u00e1c n\u1ec1n t\u1ea3ng nh\u01b0 Facebook, Instagram, TikTok v\u00e0 Google \u0111\u1ec3 ti\u1ebfp c\u1eadn kh\u00e1ch h\u00e0ng l\u00fd t\u01b0\u1edfng c\u1ee7a b\u1ea1n.<\/p><div class=\"nectar-fancy-ul font_size_min_16px font_size_desktop_1-1vw font_line_height_1-6\" data-list-icon=\"icon-salient-check\" data-animation=\"false\" data-animation-delay=\"0\" data-color=\"accent-color\" data-spacing=\"10px\" data-alignment=\"left\"> \n<ul>\n<li>Thi\u1ebft l\u1eadp chi\u1ebfn d\u1ecbch qu\u1ea3ng c\u00e1o nh\u1eafm \u0111\u00fang \u0111\u1ed1i t\u01b0\u1ee3ng: X\u00e1c \u0111\u1ecbnh v\u00e0 nh\u1eafm \u0111\u1ebfn \u0111\u00fang kh\u00e1ch h\u00e0ng m\u1ee5c ti\u00eau \u0111\u1ec3 t\u0103ng hi\u1ec7u qu\u1ea3 chi\u1ebfn d\u1ecbch.<\/li>\n<li>T\u1ed1i \u01b0u h\u00f3a ng\u00e2n s\u00e1ch qu\u1ea3ng c\u00e1o \u0111\u1ec3 \u0111\u1ea1t ROI t\u1ed1i \u0111a: Qu\u1ea3n l\u00fd ng\u00e2n s\u00e1ch qu\u1ea3ng c\u00e1o m\u1ed9t c\u00e1ch th\u00f4ng minh, gi\u00fap gi\u1ea3m chi ph\u00ed v\u00e0 gia t\u0103ng l\u1ee3i nhu\u1eadn.<\/li>\n<li>Ph\u00e2n t\u00edch m\u1ee9c \u0111\u1ed9 t\u01b0\u01a1ng t\u00e1c v\u00e0 t\u1ef7 l\u1ec7 chuy\u1ec3n \u0111\u1ed5i c\u1ee7a kh\u00e1n gi\u1ea3: \u0110o l\u01b0\u1eddng s\u1ef1 t\u01b0\u01a1ng t\u00e1c v\u00e0 h\u00e0nh vi c\u1ee7a ng\u01b0\u1eddi d\u00f9ng \u0111\u1ec3 t\u1ed1i \u01b0u h\u00f3a chi\u1ebfn l\u01b0\u1ee3c.<\/li>\n<li>\u0110i\u1ec1u ch\u1ec9nh chi\u1ebfn l\u01b0\u1ee3c d\u1ef1a tr\u00ean d\u1eef li\u1ec7u th\u1eddi gian th\u1ef1c: S\u1eed d\u1ee5ng d\u1eef li\u1ec7u th\u1eddi gian th\u1ef1c \u0111\u1ec3 \u0111i\u1ec1u ch\u1ec9nh v\u00e0 t\u1ed1i \u01b0u chi\u1ebfn l\u01b0\u1ee3c qu\u1ea3ng c\u00e1o, \u0111\u1ea3m b\u1ea3o hi\u1ec7u qu\u1ea3 t\u1ed1i \u0111a.<\/li>\n<\/ul>\n <\/div>\n\t\t<\/div> \n\t<\/div>\n\t<\/div> \n<\/div><\/div>\n\t\t\t<\/div> \n\t\t<\/div>\n\t<\/div> \n<\/div><\/div>","protected":false},"excerpt":{"rendered":"Social Media MarketingEngage, Excite, and Elevate Your Brand OnlineSocial media is the gateway to connecting with your audience, and Matamko is here to make your brand shine across platforms. Content...","protected":false},"author":1,"featured_media":0,"parent":0,"menu_order":0,"comment_status":"closed","ping_status":"closed","template":"","meta":{"om_disable_all_campaigns":false,"footnotes":""},"class_list":["post-499","page","type-page","status-publish"],"_links":{"self":[{"href":"https:\/\/matamko.com\/vi\/wp-json\/wp\/v2\/pages\/499","targetHints":{"allow":["GET"]}}],"collection":[{"href":"https:\/\/matamko.com\/vi\/wp-json\/wp\/v2\/pages"}],"about":[{"href":"https:\/\/matamko.com\/vi\/wp-json\/wp\/v2\/types\/page"}],"author":[{"embeddable":true,"href":"https:\/\/matamko.com\/vi\/wp-json\/wp\/v2\/users\/1"}],"replies":[{"embeddable":true,"href":"https:\/\/matamko.com\/vi\/wp-json\/wp\/v2\/comments?post=499"}],"version-history":[{"count":5,"href":"https:\/\/matamko.com\/vi\/wp-json\/wp\/v2\/pages\/499\/revisions"}],"predecessor-version":[{"id":648,"href":"https:\/\/matamko.com\/vi\/wp-json\/wp\/v2\/pages\/499\/revisions\/648"}],"wp:attachment":[{"href":"https:\/\/matamko.com\/vi\/wp-json\/wp\/v2\/media?parent=499"}],"curies":[{"name":"wp","href":"https:\/\/api.w.org\/{rel}","templated":true}]}}